{"id":1614,"date":"2024-04-05T11:16:38","date_gmt":"2024-04-05T09:16:38","guid":{"rendered":"https:\/\/ibzyachtservices.com\/?page_id=1614"},"modified":"2024-05-03T14:20:09","modified_gmt":"2024-05-03T12:20:09","slug":"noticias","status":"publish","type":"page","link":"https:\/\/ibzyachtservices.com\/es\/noticias\/","title":{"rendered":"Noticias"},"content":{"rendered":"\t\t<div data-elementor-type=\"wp-page\" data-elementor-id=\"1614\" class=\"elementor elementor-1614\" data-elementor-post-type=\"page\">\n\t\t\t\t<div data-particle_enable=\"false\" data-particle-mobile-disabled=\"false\" class=\"elementor-element elementor-element-5101bed e-flex e-con-boxed e-con e-parent\" data-id=\"5101bed\" data-element_type=\"container\">\n\t\t\t\t\t<div class=\"e-con-inner\">\n\t\t\t\t<div class=\"elementor-element elementor-element-171463d elementor-widget elementor-widget-heading\" data-id=\"171463d\" data-element_type=\"widget\" data-widget_type=\"heading.default\">\n\t\t\t\t<div class=\"elementor-widget-container\">\n\t\t\t<style>\/*! elementor - v3.21.0 - 30-04-2024 *\/\n.elementor-heading-title{padding:0;margin:0;line-height:1}.elementor-widget-heading .elementor-heading-title[class*=elementor-size-]>a{color:inherit;font-size:inherit;line-height:inherit}.elementor-widget-heading .elementor-heading-title.elementor-size-small{font-size:15px}.elementor-widget-heading .elementor-heading-title.elementor-size-medium{font-size:19px}.elementor-widget-heading .elementor-heading-title.elementor-size-large{font-size:29px}.elementor-widget-heading .elementor-heading-title.elementor-size-xl{font-size:39px}.elementor-widget-heading .elementor-heading-title.elementor-size-xxl{font-size:59px}<\/style><h1 class=\"elementor-heading-title elementor-size-default\">Noticias<\/h1>\t\t<\/div>\n\t\t\t\t<\/div>\n\t\t\t\t\t<\/div>\n\t\t\t\t<\/div>\n\t\t<div data-particle_enable=\"false\" data-particle-mobile-disabled=\"false\" class=\"elementor-element elementor-element-23410a5 e-flex e-con-boxed e-con e-parent\" data-id=\"23410a5\" data-element_type=\"container\">\n\t\t\t\t\t<div class=\"e-con-inner\">\n\t\t\t\t<div class=\"elementor-element elementor-element-5bc2955 elementor-grid-3 elementor-grid-tablet-2 elementor-grid-mobile-1 elementor-posts--thumbnail-top elementor-widget elementor-widget-posts\" data-id=\"5bc2955\" data-element_type=\"widget\" data-settings=\"{&quot;pagination_type&quot;:&quot;numbers&quot;,&quot;classic_columns&quot;:&quot;3&quot;,&quot;classic_columns_tablet&quot;:&quot;2&quot;,&quot;classic_columns_mobile&quot;:&quot;1&quot;,&quot;classic_row_gap&quot;:{&quot;unit&quot;:&quot;px&quot;,&quot;size&quot;:35,&quot;sizes&quot;:[]},&quot;classic_row_gap_tablet&quot;:{&quot;unit&quot;:&quot;px&quot;,&quot;size&quot;:&quot;&quot;,&quot;sizes&quot;:[]},&quot;classic_row_gap_mobile&quot;:{&quot;unit&quot;:&quot;px&quot;,&quot;size&quot;:&quot;&quot;,&quot;sizes&quot;:[]}}\" data-widget_type=\"posts.classic\">\n\t\t\t\t<div class=\"elementor-widget-container\">\n\t\t\t<link rel=\"stylesheet\" href=\"https:\/\/ibzyachtservices.com\/wp-content\/plugins\/elementor-pro\/assets\/css\/widget-posts.min.css\">\t\t<div class=\"elementor-posts-container elementor-posts elementor-posts--skin-classic elementor-grid\">\n\t\t\t\t<article class=\"elementor-post elementor-grid-item post-3073 post type-post status-publish format-standard has-post-thumbnail hentry category-sin-categorizar-2 tag-aprovisionamiento-ibiza tag-concierge-vip-2 tag-ibiza-3 tag-ibiza-yacht-rental-2 tag-ibiza-yacht-services-3 tag-luxury-yacht-3 tag-planificacion-de-viajes tag-puerto-de-ibiza tag-relax-en-un-yate tag-yacht-services-3\">\n\t\t\t\t<a class=\"elementor-post__thumbnail__link\" href=\"https:\/\/ibzyachtservices.com\/es\/prepara-tu-yate-para-un-relajante-viaje-por-ibiza\/\" tabindex=\"-1\" >\n\t\t\t<div class=\"elementor-post__thumbnail\"><img fetchpriority=\"high\" decoding=\"async\" width=\"1000\" height=\"666\" src=\"https:\/\/ibzyachtservices.com\/wp-content\/uploads\/2024\/04\/Preparing-your-yacht.jpg\" class=\"attachment-full size-full wp-image-3016\" alt=\"\" srcset=\"https:\/\/ibzyachtservices.com\/wp-content\/uploads\/2024\/04\/Preparing-your-yacht.jpg 1000w, https:\/\/ibzyachtservices.com\/wp-content\/uploads\/2024\/04\/Preparing-your-yacht-300x200.jpg 300w, https:\/\/ibzyachtservices.com\/wp-content\/uploads\/2024\/04\/Preparing-your-yacht-768x511.jpg 768w\" sizes=\"(max-width: 1000px) 100vw, 1000px\" \/><\/div>\n\t\t<\/a>\n\t\t\t\t<div class=\"elementor-post__text\">\n\t\t\t\t<h3 class=\"elementor-post__title\">\n\t\t\t<a href=\"https:\/\/ibzyachtservices.com\/es\/prepara-tu-yate-para-un-relajante-viaje-por-ibiza\/\" >\n\t\t\t\tPrepara tu yate para un relajante viaje por Ibiza\t\t\t<\/a>\n\t\t<\/h3>\n\t\t\t\t<div class=\"elementor-post__excerpt\">\n\t\t\t<p>M\u00e1s all\u00e1 de las animadas fiestas y las emocionantes actividades, en Ibiza tambi\u00e9n hay un mundo de experiencias relajantes en yates de lujo esperando a<\/p>\n\t\t<\/div>\n\t\t\n\t\t<a class=\"elementor-post__read-more\" href=\"https:\/\/ibzyachtservices.com\/es\/prepara-tu-yate-para-un-relajante-viaje-por-ibiza\/\" aria-label=\"M\u00e1s informaci\u00f3n sobre Prepara tu yate para un relajante viaje por Ibiza\" tabindex=\"-1\" >\n\t\t\tRead More \u00bb\t\t<\/a>\n\n\t\t\t\t<\/div>\n\t\t\t\t<\/article>\n\t\t\t\t<article class=\"elementor-post elementor-grid-item post-3075 post type-post status-publish format-standard has-post-thumbnail hentry category-sin-categorizar-2 tag-amarre-en-ibiza tag-ibiza-3 tag-ibiza-clubs-2 tag-ibiza-yacht-rental-2 tag-ibiza-yacht-services-3 tag-luxury-yacht-3 tag-night-life-ibiza-2 tag-party-ibiza-2 tag-planificacion-de-viajes\">\n\t\t\t\t<a class=\"elementor-post__thumbnail__link\" href=\"https:\/\/ibzyachtservices.com\/es\/disfruta-de-ibiza-por-la-noche-solicita-reservas-a-nuestro-servicio-de-conserjeria-vip\/\" tabindex=\"-1\" >\n\t\t\t<div class=\"elementor-post__thumbnail\"><img decoding=\"async\" width=\"1000\" height=\"667\" src=\"https:\/\/ibzyachtservices.com\/wp-content\/uploads\/2024\/04\/Nightlife-ibiza-luxury-yachts.jpg\" class=\"attachment-full size-full wp-image-2893\" alt=\"\" srcset=\"https:\/\/ibzyachtservices.com\/wp-content\/uploads\/2024\/04\/Nightlife-ibiza-luxury-yachts.jpg 1000w, https:\/\/ibzyachtservices.com\/wp-content\/uploads\/2024\/04\/Nightlife-ibiza-luxury-yachts-300x200.jpg 300w, https:\/\/ibzyachtservices.com\/wp-content\/uploads\/2024\/04\/Nightlife-ibiza-luxury-yachts-768x512.jpg 768w\" sizes=\"(max-width: 1000px) 100vw, 1000px\" \/><\/div>\n\t\t<\/a>\n\t\t\t\t<div class=\"elementor-post__text\">\n\t\t\t\t<h3 class=\"elementor-post__title\">\n\t\t\t<a href=\"https:\/\/ibzyachtservices.com\/es\/disfruta-de-ibiza-por-la-noche-solicita-reservas-a-nuestro-servicio-de-conserjeria-vip\/\" >\n\t\t\t\tDisfruta de Ibiza por la noche: Solicita reservas a nuestro Servicio de Conserjer\u00eda VIP.\t\t\t<\/a>\n\t\t<\/h3>\n\t\t\t\t<div class=\"elementor-post__excerpt\">\n\t\t\t<p>\u00bfHas experimentado alguna vez la emocionante vida nocturna de Ibiza? Sus legendarias fiestas, su m\u00fasica hipnotizadora y su ambiente glamuroso son una mezcla perfecta para<\/p>\n\t\t<\/div>\n\t\t\n\t\t<a class=\"elementor-post__read-more\" href=\"https:\/\/ibzyachtservices.com\/es\/disfruta-de-ibiza-por-la-noche-solicita-reservas-a-nuestro-servicio-de-conserjeria-vip\/\" aria-label=\"M\u00e1s informaci\u00f3n sobre Prepara tu yate para un relajante viaje por Ibiza\" tabindex=\"-1\" >\n\t\t\tRead More \u00bb\t\t<\/a>\n\n\t\t\t\t<\/div>\n\t\t\t\t<\/article>\n\t\t\t\t<article class=\"elementor-post elementor-grid-item post-3079 post type-post status-publish format-standard has-post-thumbnail hentry category-sin-categorizar-2 tag-amarre-en-ibiza tag-ancla tag-anclaje tag-aprovisionamiento-ibiza tag-concierge-vip-2 tag-ibiza-3 tag-ibiza-yacht-rental-2 tag-ibiza-yacht-services-3 tag-planificacion-de-viajes tag-puerto-de-ibiza tag-punto-de-anclaje tag-yacht-services-3\">\n\t\t\t\t<a class=\"elementor-post__thumbnail__link\" href=\"https:\/\/ibzyachtservices.com\/es\/consigue-los-mejores-amarres-en-ibiza\/\" tabindex=\"-1\" >\n\t\t\t<div class=\"elementor-post__thumbnail\"><img decoding=\"async\" width=\"1000\" height=\"667\" src=\"https:\/\/ibzyachtservices.com\/wp-content\/uploads\/2024\/04\/Yates-amarra-cuerda.jpg\" class=\"attachment-full size-full wp-image-1966\" alt=\"\" srcset=\"https:\/\/ibzyachtservices.com\/wp-content\/uploads\/2024\/04\/Yates-amarra-cuerda.jpg 1000w, https:\/\/ibzyachtservices.com\/wp-content\/uploads\/2024\/04\/Yates-amarra-cuerda-300x200.jpg 300w, https:\/\/ibzyachtservices.com\/wp-content\/uploads\/2024\/04\/Yates-amarra-cuerda-768x512.jpg 768w\" sizes=\"(max-width: 1000px) 100vw, 1000px\" \/><\/div>\n\t\t<\/a>\n\t\t\t\t<div class=\"elementor-post__text\">\n\t\t\t\t<h3 class=\"elementor-post__title\">\n\t\t\t<a href=\"https:\/\/ibzyachtservices.com\/es\/consigue-los-mejores-amarres-en-ibiza\/\" >\n\t\t\t\tConsigue los mejores amarres en Ibiza\t\t\t<\/a>\n\t\t<\/h3>\n\t\t\t\t<div class=\"elementor-post__excerpt\">\n\t\t\t<p>Bienvenido a la encantadora isla de Ibiza, donde las aguas azules invitan a propietarios y capitanes de yates de lujo a descubrir la mejor experiencia<\/p>\n\t\t<\/div>\n\t\t\n\t\t<a class=\"elementor-post__read-more\" href=\"https:\/\/ibzyachtservices.com\/es\/consigue-los-mejores-amarres-en-ibiza\/\" aria-label=\"M\u00e1s informaci\u00f3n sobre Prepara tu yate para un relajante viaje por Ibiza\" tabindex=\"-1\" >\n\t\t\tRead More \u00bb\t\t<\/a>\n\n\t\t\t\t<\/div>\n\t\t\t\t<\/article>\n\t\t\t\t<article class=\"elementor-post elementor-grid-item post-3081 post type-post status-publish format-standard has-post-thumbnail hentry category-sin-categorizar-2 tag-aprovisionamiento-ibiza tag-equipo-de-suministro tag-ibiza-3 tag-ibiza-yacht-services-3 tag-investment-in-luxury-yachts-in-ibiza-2 tag-luxury-yacht-3 tag-servicios-de-aprovisionamiento tag-yacht-services-3\">\n\t\t\t\t<a class=\"elementor-post__thumbnail__link\" href=\"https:\/\/ibzyachtservices.com\/es\/planifique-la-mejor-estrategia-de-aprovisionamiento-de-yates-en-ibiza\/\" tabindex=\"-1\" >\n\t\t\t<div class=\"elementor-post__thumbnail\"><img loading=\"lazy\" decoding=\"async\" width=\"1000\" height=\"667\" src=\"https:\/\/ibzyachtservices.com\/wp-content\/uploads\/2024\/04\/Choossing-provisioning-portada.jpg\" class=\"attachment-full size-full wp-image-2997\" alt=\"\" srcset=\"https:\/\/ibzyachtservices.com\/wp-content\/uploads\/2024\/04\/Choossing-provisioning-portada.jpg 1000w, https:\/\/ibzyachtservices.com\/wp-content\/uploads\/2024\/04\/Choossing-provisioning-portada-300x200.jpg 300w, https:\/\/ibzyachtservices.com\/wp-content\/uploads\/2024\/04\/Choossing-provisioning-portada-768x512.jpg 768w\" sizes=\"(max-width: 1000px) 100vw, 1000px\" \/><\/div>\n\t\t<\/a>\n\t\t\t\t<div class=\"elementor-post__text\">\n\t\t\t\t<h3 class=\"elementor-post__title\">\n\t\t\t<a href=\"https:\/\/ibzyachtservices.com\/es\/planifique-la-mejor-estrategia-de-aprovisionamiento-de-yates-en-ibiza\/\" >\n\t\t\t\tPlanifique la mejor estrategia de aprovisionamiento de yates en Ibiza\t\t\t<\/a>\n\t\t<\/h3>\n\t\t\t\t<div class=\"elementor-post__excerpt\">\n\t\t\t<p>Cuando se trata de navegar por las resplandecientes aguas de Ibiza, los propietarios y capitanes de yates de lujo son conscientes de la importancia de<\/p>\n\t\t<\/div>\n\t\t\n\t\t<a class=\"elementor-post__read-more\" href=\"https:\/\/ibzyachtservices.com\/es\/planifique-la-mejor-estrategia-de-aprovisionamiento-de-yates-en-ibiza\/\" aria-label=\"M\u00e1s informaci\u00f3n sobre Prepara tu yate para un relajante viaje por Ibiza\" tabindex=\"-1\" >\n\t\t\tRead More \u00bb\t\t<\/a>\n\n\t\t\t\t<\/div>\n\t\t\t\t<\/article>\n\t\t\t\t<article class=\"elementor-post elementor-grid-item post-3085 post type-post status-publish format-standard has-post-thumbnail hentry category-sin-categorizar-2 tag-amarre-en-ibiza tag-aprovisionamiento-ibiza tag-ibiza-3 tag-ibiza-yacht-rental-2 tag-ibiza-yacht-services-3 tag-investment-in-luxury-yachts-in-ibiza-2 tag-luxury-yacht-3 tag-puerto-de-ibiza tag-seguridad-en-yates tag-seguridad-en-yates-de-lujo tag-seguridad-maritima-en-yates-de-lujo tag-yacht-services-3\">\n\t\t\t\t<a class=\"elementor-post__thumbnail__link\" href=\"https:\/\/ibzyachtservices.com\/es\/recomendaciones-de-seguridad-para-la-navegacion-en-yate\/\" tabindex=\"-1\" >\n\t\t\t<div class=\"elementor-post__thumbnail\"><img loading=\"lazy\" decoding=\"async\" width=\"1000\" height=\"667\" src=\"https:\/\/ibzyachtservices.com\/wp-content\/uploads\/2024\/05\/10403-min.jpg\" class=\"attachment-full size-full wp-image-2965\" alt=\"Safety in luxury yacht navigation\" srcset=\"https:\/\/ibzyachtservices.com\/wp-content\/uploads\/2024\/05\/10403-min.jpg 1000w, https:\/\/ibzyachtservices.com\/wp-content\/uploads\/2024\/05\/10403-min-300x200.jpg 300w, https:\/\/ibzyachtservices.com\/wp-content\/uploads\/2024\/05\/10403-min-768x512.jpg 768w\" sizes=\"(max-width: 1000px) 100vw, 1000px\" \/><\/div>\n\t\t<\/a>\n\t\t\t\t<div class=\"elementor-post__text\">\n\t\t\t\t<h3 class=\"elementor-post__title\">\n\t\t\t<a href=\"https:\/\/ibzyachtservices.com\/es\/recomendaciones-de-seguridad-para-la-navegacion-en-yate\/\" >\n\t\t\t\tRecomendaciones de seguridad para la navegaci\u00f3n en yate\t\t\t<\/a>\n\t\t<\/h3>\n\t\t\t\t<div class=\"elementor-post__excerpt\">\n\t\t\t<p>Si te gusta navegar en tu yate de lujo en Ibiza, seguramente sabr\u00e1s que la seguridad de la navegaci\u00f3n es crucial. La combinaci\u00f3n de aguas<\/p>\n\t\t<\/div>\n\t\t\n\t\t<a class=\"elementor-post__read-more\" href=\"https:\/\/ibzyachtservices.com\/es\/recomendaciones-de-seguridad-para-la-navegacion-en-yate\/\" aria-label=\"M\u00e1s informaci\u00f3n sobre Prepara tu yate para un relajante viaje por Ibiza\" tabindex=\"-1\" >\n\t\t\tRead More \u00bb\t\t<\/a>\n\n\t\t\t\t<\/div>\n\t\t\t\t<\/article>\n\t\t\t\t<\/div>\n\t\t\n\t\t\t\t<\/div>\n\t\t\t\t<\/div>\n\t\t\t\t\t<\/div>\n\t\t\t\t<\/div>\n\t\t\t\t<\/div>\n\t\t","protected":false},"excerpt":{"rendered":"<p>Noticias<\/p>\n","protected":false},"author":2,"featured_media":0,"parent":0,"menu_order":0,"comment_status":"closed","ping_status":"closed","template":"","meta":{"footnotes":""},"class_list":["post-1614","page","type-page","status-publish","hentry"],"yoast_head":"<!-- This site is optimized with the Yoast SEO plugin v22.6 - https:\/\/yoast.com\/wordpress\/plugins\/seo\/ -->\n<title>Noticias | Yacht agent Ibiza | Ibz yacht services<\/title>\n<meta name=\"description\" content=\"Noticias relacionadas con todos nuestros servicios exclusivos que brindamos a nuestros clientes | IBZYATCHSERVICES\" \/>\n<meta name=\"robots\" content=\"index, follow, max-snippet:-1, max-image-preview:large, max-video-preview:-1\" \/>\n<link rel=\"canonical\" href=\"https:\/\/ibzyachtservices.com\/noticias\/\" \/>\n<meta property=\"og:locale\" content=\"es_ES\" \/>\n<meta property=\"og:type\" content=\"article\" \/>\n<meta property=\"og:title\" content=\"Noticias | Yacht agent Ibiza | Ibz yacht services\" \/>\n<meta property=\"og:description\" content=\"Noticias relacionadas con todos nuestros servicios exclusivos que brindamos a nuestros clientes | IBZYATCHSERVICES\" \/>\n<meta property=\"og:url\" content=\"https:\/\/ibzyachtservices.com\/noticias\/\" \/>\n<meta property=\"og:site_name\" content=\"Yacht agent Ibiza | Ibz yacht services\" \/>\n<meta property=\"article:publisher\" content=\"https:\/\/www.facebook.com\/ibzyachtservices\/\" \/>\n<meta property=\"article:modified_time\" content=\"2024-05-03T12:20:09+00:00\" \/>\n<meta property=\"og:image\" content=\"https:\/\/ibzyachtservices.com\/wp-content\/uploads\/2024\/03\/logo-ibz.png\" \/>\n\t<meta property=\"og:image:width\" content=\"768\" \/>\n\t<meta property=\"og:image:height\" content=\"296\" \/>\n\t<meta property=\"og:image:type\" content=\"image\/png\" \/>\n<meta name=\"twitter:card\" content=\"summary_large_image\" \/>\n<meta name=\"twitter:site\" content=\"@ibzyachtservice\" \/>\n<meta name=\"twitter:label1\" content=\"Tiempo de lectura\" \/>\n\t<meta name=\"twitter:data1\" content=\"1 minuto\" \/>\n<script type=\"application\/ld+json\" class=\"yoast-schema-graph\">{\"@context\":\"https:\/\/schema.org\",\"@graph\":[{\"@type\":\"WebPage\",\"@id\":\"https:\/\/ibzyachtservices.com\/noticias\/\",\"url\":\"https:\/\/ibzyachtservices.com\/noticias\/\",\"name\":\"Noticias | Yacht agent Ibiza | Ibz yacht services\",\"isPartOf\":{\"@id\":\"https:\/\/ibzyachtservices.com\/#website\"},\"datePublished\":\"2024-04-05T09:16:38+00:00\",\"dateModified\":\"2024-05-03T12:20:09+00:00\",\"description\":\"Noticias relacionadas con todos nuestros servicios exclusivos que brindamos a nuestros clientes | IBZYATCHSERVICES\",\"breadcrumb\":{\"@id\":\"https:\/\/ibzyachtservices.com\/noticias\/#breadcrumb\"},\"inLanguage\":\"es\",\"potentialAction\":[{\"@type\":\"ReadAction\",\"target\":[\"https:\/\/ibzyachtservices.com\/noticias\/\"]}]},{\"@type\":\"BreadcrumbList\",\"@id\":\"https:\/\/ibzyachtservices.com\/noticias\/#breadcrumb\",\"itemListElement\":[{\"@type\":\"ListItem\",\"position\":1,\"name\":\"Portada\",\"item\":\"https:\/\/ibzyachtservices.com\/es\/\"},{\"@type\":\"ListItem\",\"position\":2,\"name\":\"Noticias\"}]},{\"@type\":\"WebSite\",\"@id\":\"https:\/\/ibzyachtservices.com\/#website\",\"url\":\"https:\/\/ibzyachtservices.com\/\",\"name\":\"Yacht agent Ibiza | Ibiza yacht services\",\"description\":\"Agente consignatario de yates en Ibiza. Amarres y servicios en puerto. Servicios a super yates 24 \/ 7\",\"publisher\":{\"@id\":\"https:\/\/ibzyachtservices.com\/#organization\"},\"alternateName\":\"Ibz yacht services\",\"potentialAction\":[{\"@type\":\"SearchAction\",\"target\":{\"@type\":\"EntryPoint\",\"urlTemplate\":\"https:\/\/ibzyachtservices.com\/?s={search_term_string}\"},\"query-input\":\"required name=search_term_string\"}],\"inLanguage\":\"es\"},{\"@type\":\"Organization\",\"@id\":\"https:\/\/ibzyachtservices.com\/#organization\",\"name\":\"IBZ Yacht Services Ibiza\",\"alternateName\":\"Ibz yacht agent Ibiza\",\"url\":\"https:\/\/ibzyachtservices.com\/\",\"logo\":{\"@type\":\"ImageObject\",\"inLanguage\":\"es\",\"@id\":\"https:\/\/ibzyachtservices.com\/#\/schema\/logo\/image\/\",\"url\":\"https:\/\/ibzyachtservices.com\/wp-content\/uploads\/2024\/03\/logo-ibz.png\",\"contentUrl\":\"https:\/\/ibzyachtservices.com\/wp-content\/uploads\/2024\/03\/logo-ibz.png\",\"width\":768,\"height\":296,\"caption\":\"IBZ Yacht Services Ibiza\"},\"image\":{\"@id\":\"https:\/\/ibzyachtservices.com\/#\/schema\/logo\/image\/\"},\"sameAs\":[\"https:\/\/www.facebook.com\/ibzyachtservices\/\",\"https:\/\/x.com\/ibzyachtservice\"]}]}<\/script>\n<!-- \/ Yoast SEO plugin. -->","yoast_head_json":{"title":"Noticias | Yacht agent Ibiza | Ibz yacht services","description":"Noticias relacionadas con todos nuestros servicios exclusivos que brindamos a nuestros clientes | IBZYATCHSERVICES","robots":{"index":"index","follow":"follow","max-snippet":"max-snippet:-1","max-image-preview":"max-image-preview:large","max-video-preview":"max-video-preview:-1"},"canonical":"https:\/\/ibzyachtservices.com\/noticias\/","og_locale":"es_ES","og_type":"article","og_title":"Noticias | Yacht agent Ibiza | Ibz yacht services","og_description":"Noticias relacionadas con todos nuestros servicios exclusivos que brindamos a nuestros clientes | IBZYATCHSERVICES","og_url":"https:\/\/ibzyachtservices.com\/noticias\/","og_site_name":"Yacht agent Ibiza | Ibz yacht services","article_publisher":"https:\/\/www.facebook.com\/ibzyachtservices\/","article_modified_time":"2024-05-03T12:20:09+00:00","og_image":[{"width":768,"height":296,"url":"https:\/\/ibzyachtservices.com\/wp-content\/uploads\/2024\/03\/logo-ibz.png","type":"image\/png"}],"twitter_card":"summary_large_image","twitter_site":"@ibzyachtservice","twitter_misc":{"Tiempo de lectura":"1 minuto"},"schema":{"@context":"https:\/\/schema.org","@graph":[{"@type":"WebPage","@id":"https:\/\/ibzyachtservices.com\/noticias\/","url":"https:\/\/ibzyachtservices.com\/noticias\/","name":"Noticias | Yacht agent Ibiza | Ibz yacht services","isPartOf":{"@id":"https:\/\/ibzyachtservices.com\/#website"},"datePublished":"2024-04-05T09:16:38+00:00","dateModified":"2024-05-03T12:20:09+00:00","description":"Noticias relacionadas con todos nuestros servicios exclusivos que brindamos a nuestros clientes | IBZYATCHSERVICES","breadcrumb":{"@id":"https:\/\/ibzyachtservices.com\/noticias\/#breadcrumb"},"inLanguage":"es","potentialAction":[{"@type":"ReadAction","target":["https:\/\/ibzyachtservices.com\/noticias\/"]}]},{"@type":"BreadcrumbList","@id":"https:\/\/ibzyachtservices.com\/noticias\/#breadcrumb","itemListElement":[{"@type":"ListItem","position":1,"name":"Portada","item":"https:\/\/ibzyachtservices.com\/es\/"},{"@type":"ListItem","position":2,"name":"Noticias"}]},{"@type":"WebSite","@id":"https:\/\/ibzyachtservices.com\/#website","url":"https:\/\/ibzyachtservices.com\/","name":"Yacht agent Ibiza | Ibiza yacht services","description":"Agente consignatario de yates en Ibiza. Amarres y servicios en puerto. Servicios a super yates 24 \/ 7","publisher":{"@id":"https:\/\/ibzyachtservices.com\/#organization"},"alternateName":"Ibz yacht services","potentialAction":[{"@type":"SearchAction","target":{"@type":"EntryPoint","urlTemplate":"https:\/\/ibzyachtservices.com\/?s={search_term_string}"},"query-input":"required name=search_term_string"}],"inLanguage":"es"},{"@type":"Organization","@id":"https:\/\/ibzyachtservices.com\/#organization","name":"IBZ Yacht Services Ibiza","alternateName":"Ibz yacht agent Ibiza","url":"https:\/\/ibzyachtservices.com\/","logo":{"@type":"ImageObject","inLanguage":"es","@id":"https:\/\/ibzyachtservices.com\/#\/schema\/logo\/image\/","url":"https:\/\/ibzyachtservices.com\/wp-content\/uploads\/2024\/03\/logo-ibz.png","contentUrl":"https:\/\/ibzyachtservices.com\/wp-content\/uploads\/2024\/03\/logo-ibz.png","width":768,"height":296,"caption":"IBZ Yacht Services Ibiza"},"image":{"@id":"https:\/\/ibzyachtservices.com\/#\/schema\/logo\/image\/"},"sameAs":["https:\/\/www.facebook.com\/ibzyachtservices\/","https:\/\/x.com\/ibzyachtservice"]}]}},"_links":{"self":[{"href":"https:\/\/ibzyachtservices.com\/es\/wp-json\/wp\/v2\/pages\/1614","targetHints":{"allow":["GET"]}}],"collection":[{"href":"https:\/\/ibzyachtservices.com\/es\/wp-json\/wp\/v2\/pages"}],"about":[{"href":"https:\/\/ibzyachtservices.com\/es\/wp-json\/wp\/v2\/types\/page"}],"author":[{"embeddable":true,"href":"https:\/\/ibzyachtservices.com\/es\/wp-json\/wp\/v2\/users\/2"}],"replies":[{"embeddable":true,"href":"https:\/\/ibzyachtservices.com\/es\/wp-json\/wp\/v2\/comments?post=1614"}],"version-history":[{"count":6,"href":"https:\/\/ibzyachtservices.com\/es\/wp-json\/wp\/v2\/pages\/1614\/revisions"}],"predecessor-version":[{"id":3034,"href":"https:\/\/ibzyachtservices.com\/es\/wp-json\/wp\/v2\/pages\/1614\/revisions\/3034"}],"wp:attachment":[{"href":"https:\/\/ibzyachtservices.com\/es\/wp-json\/wp\/v2\/media?parent=1614"}],"curies":[{"name":"wp","href":"https:\/\/api.w.org\/{rel}","templated":true}]}}