{"id":1490,"date":"2024-03-27T15:18:15","date_gmt":"2024-03-27T14:18:15","guid":{"rendered":"https:\/\/ibzyachtservices.com\/?page_id=1490"},"modified":"2024-03-27T15:28:07","modified_gmt":"2024-03-27T14:28:07","slug":"politica-de-privacidad","status":"publish","type":"page","link":"https:\/\/ibzyachtservices.com\/es\/politica-de-privacidad\/","title":{"rendered":"Pol\u00edtica de Privacidad"},"content":{"rendered":"\t\t<div data-elementor-type=\"wp-page\" data-elementor-id=\"1490\" class=\"elementor elementor-1490\" data-elementor-post-type=\"page\">\n\t\t\t\t<div data-particle_enable=\"false\" data-particle-mobile-disabled=\"false\" class=\"elementor-element elementor-element-85ec694 e-flex e-con-boxed e-con e-parent\" data-id=\"85ec694\" data-element_type=\"container\">\n\t\t\t\t\t<div class=\"e-con-inner\">\n\t\t\t\t<div class=\"elementor-element elementor-element-820feca elementor-widget elementor-widget-heading\" data-id=\"820feca\" data-element_type=\"widget\" data-widget_type=\"heading.default\">\n\t\t\t\t<div class=\"elementor-widget-container\">\n\t\t\t<style>\/*! elementor - v3.21.0 - 30-04-2024 *\/\n.elementor-heading-title{padding:0;margin:0;line-height:1}.elementor-widget-heading .elementor-heading-title[class*=elementor-size-]>a{color:inherit;font-size:inherit;line-height:inherit}.elementor-widget-heading .elementor-heading-title.elementor-size-small{font-size:15px}.elementor-widget-heading .elementor-heading-title.elementor-size-medium{font-size:19px}.elementor-widget-heading .elementor-heading-title.elementor-size-large{font-size:29px}.elementor-widget-heading .elementor-heading-title.elementor-size-xl{font-size:39px}.elementor-widget-heading .elementor-heading-title.elementor-size-xxl{font-size:59px}<\/style><h1 class=\"elementor-heading-title elementor-size-default\">Pol\u00edtica de Privacidad<\/h1>\t\t<\/div>\n\t\t\t\t<\/div>\n\t\t\t\t<div class=\"elementor-element elementor-element-22793e0 elementor-widget elementor-widget-heading\" data-id=\"22793e0\" data-element_type=\"widget\" data-widget_type=\"heading.default\">\n\t\t\t\t<div class=\"elementor-widget-container\">\n\t\t\t<h2 class=\"elementor-heading-title elementor-size-default\">1. Identidad del responsable del tratamiento<\/h2>\t\t<\/div>\n\t\t\t\t<\/div>\n\t\t\t\t<div class=\"elementor-element elementor-element-2cbe70a elementor-widget elementor-widget-text-editor\" data-id=\"2cbe70a\" data-element_type=\"widget\" data-widget_type=\"text-editor.default\">\n\t\t\t\t<div class=\"elementor-widget-container\">\n\t\t\t<style>\/*! elementor - v3.21.0 - 30-04-2024 *\/\n.elementor-widget-text-editor.elementor-drop-cap-view-stacked .elementor-drop-cap{background-color:#69727d;color:#fff}.elementor-widget-text-editor.elementor-drop-cap-view-framed .elementor-drop-cap{color:#69727d;border:3px solid;background-color:transparent}.elementor-widget-text-editor:not(.elementor-drop-cap-view-default) .elementor-drop-cap{margin-top:8px}.elementor-widget-text-editor:not(.elementor-drop-cap-view-default) .elementor-drop-cap-letter{width:1em;height:1em}.elementor-widget-text-editor .elementor-drop-cap{float:left;text-align:center;line-height:1;font-size:50px}.elementor-widget-text-editor .elementor-drop-cap-letter{display:inline-block}<\/style>\t\t\t\tEBUSUS YACHT SERVICES SL con CIF B57895864, en adelante el EBUSUS, con domicilio en Ibiza (Islas Baleares), en Calle Avestruz 13 , 07840, Santa Eularia des Riu, Ibiza, Islas Balaeres Espa\u00f1a, y correo electr\u00f3nico <span \n                data-original-string='ZS5FjB2Vr7ki\/XjA59GvRA==ce96k4snPrUbaloBikzQXnZHCR\/sVxaujpmmuAOL5E7gOc='\n                class='apbct-email-encoder'\n                title='Este contacto ha sido codificado por Anti-Spam by CleanTalk. Haz clic para decodificar. Para finalizar la decodificaci\u00f3n, aseg\u00farate de que JavaScript est\u00e1 activado en tu navegador.'>in<span class=\"apbct-blur\">**<\/span>@<span class=\"apbct-blur\">**************<\/span>es.com<\/span>, es el Titular de \u00e9sta Web y Responsable del Tratamiento de Datos Personales del Usuario y le informa que la informaci\u00f3n facilitada ser\u00e1 tratada de conformidad con lo dispuesto por el Reglamento UE de Protecci\u00f3n de Datos 679\/2016 y la Ley Org\u00e1nica 3\/2018 de Protecci\u00f3n de Datos Personales y garant\u00eda de los derechos digitales), inform\u00e1ndole que:\t\t\t\t\t\t<\/div>\n\t\t\t\t<\/div>\n\t\t\t\t<div class=\"elementor-element elementor-element-0c53845 elementor-widget elementor-widget-heading\" data-id=\"0c53845\" data-element_type=\"widget\" data-widget_type=\"heading.default\">\n\t\t\t\t<div class=\"elementor-widget-container\">\n\t\t\t<h2 class=\"elementor-heading-title elementor-size-default\">2. Finalidades y legitimaci\u00f3n del tratamiento<\/h2>\t\t<\/div>\n\t\t\t\t<\/div>\n\t\t\t\t<div class=\"elementor-element elementor-element-e52e7ed elementor-widget elementor-widget-text-editor\" data-id=\"e52e7ed\" data-element_type=\"widget\" data-widget_type=\"text-editor.default\">\n\t\t\t\t<div class=\"elementor-widget-container\">\n\t\t\t\t\t\t\tOfrecerle una mejor experiencia de Usuario a trav\u00e9s de mejoras que implantemos en la interfaz y operativa web Enviarle comunicaciones informativas y\/o promocionales si Vd. facilita sus datos de contacto y consentimiento.\t\t\t\t\t\t<\/div>\n\t\t\t\t<\/div>\n\t\t\t\t<div class=\"elementor-element elementor-element-5080268 elementor-widget elementor-widget-heading\" data-id=\"5080268\" data-element_type=\"widget\" data-widget_type=\"heading.default\">\n\t\t\t\t<div class=\"elementor-widget-container\">\n\t\t\t<h2 class=\"elementor-heading-title elementor-size-default\">3. Plazos de conservaci\u00f3n<\/h2>\t\t<\/div>\n\t\t\t\t<\/div>\n\t\t\t\t<div class=\"elementor-element elementor-element-597cc61 elementor-widget elementor-widget-text-editor\" data-id=\"597cc61\" data-element_type=\"widget\" data-widget_type=\"text-editor.default\">\n\t\t\t\t<div class=\"elementor-widget-container\">\n\t\t\t\t\t\t\tLos datos proporcionados se conservar\u00e1n hasta que el Usuario solicite la supresi\u00f3n de sus datos. Una vez comunicado por parte del interesado la supresi\u00f3n de sus datos, se proceder\u00e1 a su bloqueo y posterior cancelaci\u00f3n en nuestros ficheros o devoluci\u00f3n al titular de los datos, seg\u00fan el caso, de los soportes en los que se recoja la informaci\u00f3n facilitada, sin que se admita la conservaci\u00f3n de copias de dicha informaci\u00f3n.\t\t\t\t\t\t<\/div>\n\t\t\t\t<\/div>\n\t\t\t\t<div class=\"elementor-element elementor-element-786a6f5 elementor-widget elementor-widget-heading\" data-id=\"786a6f5\" data-element_type=\"widget\" data-widget_type=\"heading.default\">\n\t\t\t\t<div class=\"elementor-widget-container\">\n\t\t\t<h2 class=\"elementor-heading-title elementor-size-default\">4. Comunicaci\u00f3n de datos a terceros<\/h2>\t\t<\/div>\n\t\t\t\t<\/div>\n\t\t\t\t<div class=\"elementor-element elementor-element-dcc3144 elementor-widget elementor-widget-text-editor\" data-id=\"dcc3144\" data-element_type=\"widget\" data-widget_type=\"text-editor.default\">\n\t\t\t\t<div class=\"elementor-widget-container\">\n\t\t\t\t\t\t\tSus datos \u00fanicamente ser\u00e1n utilizados para los fines antes se\u00f1alados y no ser\u00e1n cedidos a terceros, salvo aquellas comunicaciones a las Autoridades, Organismos u Oficinas de las Administraciones P\u00fablicas que fueran consentidas por el Usuario o persona autorizada por \u00e9l\/ella para el adecuado cumplimiento de las obligaciones nacidas de los servicios prestados, o que resultaren preceptivas o autorizadas por Ley.\t\t\t\t\t\t<\/div>\n\t\t\t\t<\/div>\n\t\t\t\t<div class=\"elementor-element elementor-element-4b73597 elementor-widget elementor-widget-heading\" data-id=\"4b73597\" data-element_type=\"widget\" data-widget_type=\"heading.default\">\n\t\t\t\t<div class=\"elementor-widget-container\">\n\t\t\t<h2 class=\"elementor-heading-title elementor-size-default\">5. Deber de confidencialidad<\/h2>\t\t<\/div>\n\t\t\t\t<\/div>\n\t\t\t\t<div class=\"elementor-element elementor-element-f83c9f5 elementor-widget elementor-widget-text-editor\" data-id=\"f83c9f5\" data-element_type=\"widget\" data-widget_type=\"text-editor.default\">\n\t\t\t\t<div class=\"elementor-widget-container\">\n\t\t\t\t\t\t\tEl RESPTTO garantiza la confidencialidad de los datos personales que obren en sus ficheros y adoptar\u00e1 las medidas reglamentarias que eviten, en la medida de lo posible, su alteraci\u00f3n, p\u00e9rdida, tratamiento o acceso no autorizado.\t\t\t\t\t\t<\/div>\n\t\t\t\t<\/div>\n\t\t\t\t<div class=\"elementor-element elementor-element-7630947 elementor-widget elementor-widget-heading\" data-id=\"7630947\" data-element_type=\"widget\" data-widget_type=\"heading.default\">\n\t\t\t\t<div class=\"elementor-widget-container\">\n\t\t\t<h2 class=\"elementor-heading-title elementor-size-default\">6. Ejercicio de derechos<\/h2>\t\t<\/div>\n\t\t\t\t<\/div>\n\t\t\t\t<div class=\"elementor-element elementor-element-c5979fe elementor-widget elementor-widget-text-editor\" data-id=\"c5979fe\" data-element_type=\"widget\" data-widget_type=\"text-editor.default\">\n\t\t\t\t<div class=\"elementor-widget-container\">\n\t\t\t\t\t\t\tEl Usuario tiene derecho a acceder a sus datos personales, rectificar los datos inexactos o solicitar su supresi\u00f3n cuando los datos ya no sean necesarios. En determinadas ocasiones los interesados podr\u00e1n solicitar la limitaci\u00f3n del tratamiento de sus datos, en cuyo caso \u00fanicamente los conservaremos para el ejercicio o la defensa de reclamaciones. El Usuario puede ejercitar sus derechos debiendo dirigir su petici\u00f3n por escrito e identific\u00e1nose suficientemente a la direcci\u00f3n electronica <span \n                data-original-string='fAsPtHwDcPOKkJ0tNjRSvw==ce9NnazAhFhVD7OYl9VBlr9nEWpQ+TEk\/E35WuGB+U0exQ='\n                class='apbct-email-encoder'\n                title='Este contacto ha sido codificado por Anti-Spam by CleanTalk. Haz clic para decodificar. Para finalizar la decodificaci\u00f3n, aseg\u00farate de que JavaScript est\u00e1 activado en tu navegador.'>in<span class=\"apbct-blur\">**<\/span>@<span class=\"apbct-blur\">**************<\/span>es.com<\/span>. Tambi\u00e9n tiene derecho a retirar su consentimiento al tratamiento de sus datos personales en cualquier momento y a presentar la reclamaci\u00f3n que considere oportuna ante la Autoridad de Control.\t\t\t\t\t\t<\/div>\n\t\t\t\t<\/div>\n\t\t\t\t\t<\/div>\n\t\t\t\t<\/div>\n\t\t\t\t<\/div>\n\t\t","protected":false},"excerpt":{"rendered":"<p>Pol\u00edtica de Privacidad 1. Identidad del responsable del tratamiento EBUSUS YACHT SERVICES SL con CIF B57895864, en adelante el EBUSUS, con domicilio en Ibiza (Islas Baleares), en Calle Avestruz 13 , 07840, Santa Eularia des Riu, Ibiza, Islas Balaeres Espa\u00f1a, y correo electr\u00f3nico in**@**************es.com, es el Titular de \u00e9sta Web y Responsable del Tratamiento de [&hellip;]<\/p>\n","protected":false},"author":1,"featured_media":0,"parent":0,"menu_order":0,"comment_status":"closed","ping_status":"closed","template":"","meta":{"footnotes":""},"class_list":["post-1490","page","type-page","status-publish","hentry"],"yoast_head":"<!-- This site is optimized with the Yoast SEO plugin v22.6 - https:\/\/yoast.com\/wordpress\/plugins\/seo\/ -->\n<title>Pol\u00edtica de Privacidad | Yacht agent Ibiza | Ibz yacht services<\/title>\n<meta name=\"robots\" content=\"noindex, nofollow\" \/>\n<meta property=\"og:locale\" content=\"es_ES\" \/>\n<meta property=\"og:type\" content=\"article\" \/>\n<meta property=\"og:title\" content=\"Pol\u00edtica de Privacidad | Yacht agent Ibiza | Ibz yacht services\" \/>\n<meta property=\"og:description\" content=\"Pol\u00edtica de Privacidad 1. Identidad del responsable del tratamiento EBUSUS YACHT SERVICES SL con CIF B57895864, en adelante el EBUSUS, con domicilio en Ibiza (Islas Baleares), en Calle Avestruz 13 , 07840, Santa Eularia des Riu, Ibiza, Islas Balaeres Espa\u00f1a, y correo electr\u00f3nico in**@**************es.com, es el Titular de \u00e9sta Web y Responsable del Tratamiento de [&hellip;]\" \/>\n<meta property=\"og:url\" content=\"https:\/\/ibzyachtservices.com\/politica-de-privacidad\/\" \/>\n<meta property=\"og:site_name\" content=\"Yacht agent Ibiza | Ibz yacht services\" \/>\n<meta property=\"article:publisher\" content=\"https:\/\/www.facebook.com\/ibzyachtservices\/\" \/>\n<meta property=\"article:modified_time\" content=\"2024-03-27T14:28:07+00:00\" \/>\n<meta property=\"og:image\" content=\"https:\/\/ibzyachtservices.com\/wp-content\/uploads\/2024\/03\/logo-ibz.png\" \/>\n\t<meta property=\"og:image:width\" content=\"768\" \/>\n\t<meta property=\"og:image:height\" content=\"296\" \/>\n\t<meta property=\"og:image:type\" content=\"image\/png\" \/>\n<meta name=\"twitter:card\" content=\"summary_large_image\" \/>\n<meta name=\"twitter:site\" content=\"@ibzyachtservice\" \/>\n<meta name=\"twitter:label1\" content=\"Tiempo de lectura\" \/>\n\t<meta name=\"twitter:data1\" content=\"2 minutos\" \/>\n<script type=\"application\/ld+json\" class=\"yoast-schema-graph\">{\"@context\":\"https:\/\/schema.org\",\"@graph\":[{\"@type\":\"WebPage\",\"@id\":\"https:\/\/ibzyachtservices.com\/politica-de-privacidad\/\",\"url\":\"https:\/\/ibzyachtservices.com\/politica-de-privacidad\/\",\"name\":\"Pol\u00edtica de Privacidad | Yacht agent Ibiza | Ibz yacht services\",\"isPartOf\":{\"@id\":\"https:\/\/ibzyachtservices.com\/#website\"},\"datePublished\":\"2024-03-27T14:18:15+00:00\",\"dateModified\":\"2024-03-27T14:28:07+00:00\",\"breadcrumb\":{\"@id\":\"https:\/\/ibzyachtservices.com\/politica-de-privacidad\/#breadcrumb\"},\"inLanguage\":\"es\",\"potentialAction\":[{\"@type\":\"ReadAction\",\"target\":[\"https:\/\/ibzyachtservices.com\/politica-de-privacidad\/\"]}]},{\"@type\":\"BreadcrumbList\",\"@id\":\"https:\/\/ibzyachtservices.com\/politica-de-privacidad\/#breadcrumb\",\"itemListElement\":[{\"@type\":\"ListItem\",\"position\":1,\"name\":\"Portada\",\"item\":\"https:\/\/ibzyachtservices.com\/es\/\"},{\"@type\":\"ListItem\",\"position\":2,\"name\":\"Pol\u00edtica de Privacidad\"}]},{\"@type\":\"WebSite\",\"@id\":\"https:\/\/ibzyachtservices.com\/#website\",\"url\":\"https:\/\/ibzyachtservices.com\/\",\"name\":\"Yacht agent Ibiza | Ibiza yacht services\",\"description\":\"Agente consignatario de yates en Ibiza. Amarres y servicios en puerto. Servicios a super yates 24 \/ 7\",\"publisher\":{\"@id\":\"https:\/\/ibzyachtservices.com\/#organization\"},\"alternateName\":\"Ibz yacht services\",\"potentialAction\":[{\"@type\":\"SearchAction\",\"target\":{\"@type\":\"EntryPoint\",\"urlTemplate\":\"https:\/\/ibzyachtservices.com\/?s={search_term_string}\"},\"query-input\":\"required name=search_term_string\"}],\"inLanguage\":\"es\"},{\"@type\":\"Organization\",\"@id\":\"https:\/\/ibzyachtservices.com\/#organization\",\"name\":\"IBZ Yacht Services Ibiza\",\"alternateName\":\"Ibz yacht agent Ibiza\",\"url\":\"https:\/\/ibzyachtservices.com\/\",\"logo\":{\"@type\":\"ImageObject\",\"inLanguage\":\"es\",\"@id\":\"https:\/\/ibzyachtservices.com\/#\/schema\/logo\/image\/\",\"url\":\"https:\/\/ibzyachtservices.com\/wp-content\/uploads\/2024\/03\/logo-ibz.png\",\"contentUrl\":\"https:\/\/ibzyachtservices.com\/wp-content\/uploads\/2024\/03\/logo-ibz.png\",\"width\":768,\"height\":296,\"caption\":\"IBZ Yacht Services Ibiza\"},\"image\":{\"@id\":\"https:\/\/ibzyachtservices.com\/#\/schema\/logo\/image\/\"},\"sameAs\":[\"https:\/\/www.facebook.com\/ibzyachtservices\/\",\"https:\/\/x.com\/ibzyachtservice\"]}]}<\/script>\n<!-- \/ Yoast SEO plugin. -->","yoast_head_json":{"title":"Pol\u00edtica de Privacidad | Yacht agent Ibiza | Ibz yacht services","robots":{"index":"noindex","follow":"nofollow"},"og_locale":"es_ES","og_type":"article","og_title":"Pol\u00edtica de Privacidad | Yacht agent Ibiza | Ibz yacht services","og_description":"Pol\u00edtica de Privacidad 1. Identidad del responsable del tratamiento EBUSUS YACHT SERVICES SL con CIF B57895864, en adelante el EBUSUS, con domicilio en Ibiza (Islas Baleares), en Calle Avestruz 13 , 07840, Santa Eularia des Riu, Ibiza, Islas Balaeres Espa\u00f1a, y correo electr\u00f3nico in**@**************es.com, es el Titular de \u00e9sta Web y Responsable del Tratamiento de [&hellip;]","og_url":"https:\/\/ibzyachtservices.com\/politica-de-privacidad\/","og_site_name":"Yacht agent Ibiza | Ibz yacht services","article_publisher":"https:\/\/www.facebook.com\/ibzyachtservices\/","article_modified_time":"2024-03-27T14:28:07+00:00","og_image":[{"width":768,"height":296,"url":"https:\/\/ibzyachtservices.com\/wp-content\/uploads\/2024\/03\/logo-ibz.png","type":"image\/png"}],"twitter_card":"summary_large_image","twitter_site":"@ibzyachtservice","twitter_misc":{"Tiempo de lectura":"2 minutos"},"schema":{"@context":"https:\/\/schema.org","@graph":[{"@type":"WebPage","@id":"https:\/\/ibzyachtservices.com\/politica-de-privacidad\/","url":"https:\/\/ibzyachtservices.com\/politica-de-privacidad\/","name":"Pol\u00edtica de Privacidad | Yacht agent Ibiza | Ibz yacht services","isPartOf":{"@id":"https:\/\/ibzyachtservices.com\/#website"},"datePublished":"2024-03-27T14:18:15+00:00","dateModified":"2024-03-27T14:28:07+00:00","breadcrumb":{"@id":"https:\/\/ibzyachtservices.com\/politica-de-privacidad\/#breadcrumb"},"inLanguage":"es","potentialAction":[{"@type":"ReadAction","target":["https:\/\/ibzyachtservices.com\/politica-de-privacidad\/"]}]},{"@type":"BreadcrumbList","@id":"https:\/\/ibzyachtservices.com\/politica-de-privacidad\/#breadcrumb","itemListElement":[{"@type":"ListItem","position":1,"name":"Portada","item":"https:\/\/ibzyachtservices.com\/es\/"},{"@type":"ListItem","position":2,"name":"Pol\u00edtica de Privacidad"}]},{"@type":"WebSite","@id":"https:\/\/ibzyachtservices.com\/#website","url":"https:\/\/ibzyachtservices.com\/","name":"Yacht agent Ibiza | Ibiza yacht services","description":"Agente consignatario de yates en Ibiza. Amarres y servicios en puerto. Servicios a super yates 24 \/ 7","publisher":{"@id":"https:\/\/ibzyachtservices.com\/#organization"},"alternateName":"Ibz yacht services","potentialAction":[{"@type":"SearchAction","target":{"@type":"EntryPoint","urlTemplate":"https:\/\/ibzyachtservices.com\/?s={search_term_string}"},"query-input":"required name=search_term_string"}],"inLanguage":"es"},{"@type":"Organization","@id":"https:\/\/ibzyachtservices.com\/#organization","name":"IBZ Yacht Services Ibiza","alternateName":"Ibz yacht agent Ibiza","url":"https:\/\/ibzyachtservices.com\/","logo":{"@type":"ImageObject","inLanguage":"es","@id":"https:\/\/ibzyachtservices.com\/#\/schema\/logo\/image\/","url":"https:\/\/ibzyachtservices.com\/wp-content\/uploads\/2024\/03\/logo-ibz.png","contentUrl":"https:\/\/ibzyachtservices.com\/wp-content\/uploads\/2024\/03\/logo-ibz.png","width":768,"height":296,"caption":"IBZ Yacht Services Ibiza"},"image":{"@id":"https:\/\/ibzyachtservices.com\/#\/schema\/logo\/image\/"},"sameAs":["https:\/\/www.facebook.com\/ibzyachtservices\/","https:\/\/x.com\/ibzyachtservice"]}]}},"_links":{"self":[{"href":"https:\/\/ibzyachtservices.com\/es\/wp-json\/wp\/v2\/pages\/1490","targetHints":{"allow":["GET"]}}],"collection":[{"href":"https:\/\/ibzyachtservices.com\/es\/wp-json\/wp\/v2\/pages"}],"about":[{"href":"https:\/\/ibzyachtservices.com\/es\/wp-json\/wp\/v2\/types\/page"}],"author":[{"embeddable":true,"href":"https:\/\/ibzyachtservices.com\/es\/wp-json\/wp\/v2\/users\/1"}],"replies":[{"embeddable":true,"href":"https:\/\/ibzyachtservices.com\/es\/wp-json\/wp\/v2\/comments?post=1490"}],"version-history":[{"count":0,"href":"https:\/\/ibzyachtservices.com\/es\/wp-json\/wp\/v2\/pages\/1490\/revisions"}],"wp:attachment":[{"href":"https:\/\/ibzyachtservices.com\/es\/wp-json\/wp\/v2\/media?parent=1490"}],"curies":[{"name":"wp","href":"https:\/\/api.w.org\/{rel}","templated":true}]}}